{"id":63,"date":"2022-04-21T07:49:40","date_gmt":"2022-04-21T07:49:40","guid":{"rendered":"http:\/\/www.desandugme.net\/?page_id=63"},"modified":"2022-04-21T08:45:41","modified_gmt":"2022-04-21T08:45:41","slug":"uretim-politikasi","status":"publish","type":"page","link":"http:\/\/www.desandugme.net\/?page_id=63","title":{"rendered":"\u00dcretim Politikas\u0131"},"content":{"rendered":"\n<figure class=\"wp-block-gallery has-nested-images columns-default is-cropped wp-block-gallery-1 is-layout-flex wp-block-gallery-is-layout-flex\">\n<figure class=\"wp-block-image size-large\"><img loading=\"lazy\" decoding=\"async\" width=\"250\" height=\"250\" data-id=\"150\" src=\"http:\/\/www.desandugme.net\/wp-content\/uploads\/2022\/04\/apo.jpg\" alt=\"\" class=\"wp-image-150\" srcset=\"http:\/\/www.desandugme.net\/wp-content\/uploads\/2022\/04\/apo.jpg 250w, http:\/\/www.desandugme.net\/wp-content\/uploads\/2022\/04\/apo-150x150.jpg 150w\" sizes=\"auto, (max-width: 250px) 100vw, 250px\" \/><\/figure>\n\n\n\n<figure class=\"wp-block-image size-large\"><img loading=\"lazy\" decoding=\"async\" width=\"250\" height=\"250\" data-id=\"151\" src=\"http:\/\/www.desandugme.net\/wp-content\/uploads\/2022\/04\/apoo.jpg\" alt=\"\" class=\"wp-image-151\" srcset=\"http:\/\/www.desandugme.net\/wp-content\/uploads\/2022\/04\/apoo.jpg 250w, http:\/\/www.desandugme.net\/wp-content\/uploads\/2022\/04\/apoo-150x150.jpg 150w\" sizes=\"auto, (max-width: 250px) 100vw, 250px\" \/><\/figure>\n<\/figure>\n\n\n\n<p>Teknik altyap\u0131s\u0131, deneyimli kadrosu ile \u00e7al\u0131\u015fmalar\u0131n\u0131 ba\u015f\u0131ndan sonuna kadar \u201cKalite ve G\u00fcvenilirlik\u201d ile m\u00fc\u015fteri odakl\u0131 olarak koordine eden \u00d6zmak Makine Sanayi<br>\u2022 M\u00fc\u015fteri memnuniyetini sa\u011flamak,<br>\u2022 D\u00fcr\u00fcstl\u00fckten, bilimsellikten ve evrensel etik de\u011ferlerden vazge\u00e7memek,<br>\u2022 Verdi\u011fimiz t\u00fcm hizmetlerde \u201cKalite\u201d ve \u201cG\u00fcvenilirlik\u201d kavramlar\u0131 ile \u00f6zde\u015fle\u015fmek,<br>\u2022 T\u00fcm \u00e7al\u0131\u015fanlar\u0131m\u0131z\u0131n ve ilgili taraflar\u0131n \u015firketin ortak kalite anlay\u0131\u015f\u0131n\u0131n birer par\u00e7as\u0131 olmas\u0131n\u0131 ba\u015farmak ve s\u00fcrd\u00fcrmek i\u00e7in gereken d\u00fczenli e\u011fitimleri ger\u00e7ekle\u015ftirmek,<br>\u2022 \u00c7evresel sorumlulu\u011fa ve bilince sahip olarak, bu sorumlulu\u011fun gereklerini yerine getirmede gerekli gayreti \u00f6ncelikli olarak g\u00f6stererek \u00e7evre bilincini \u015firket k\u00fclt\u00fcr\u00fcm\u00fcz\u00fcn bir temel par\u00e7as\u0131 haline getirmek,<br>\u2022 Yasal gerekliliklere uymak, uygulanabilir \u015fartlar\u0131 yerine getirmek ve sistemimizi s\u00fcrekli iyile\u015ftirilmesi y\u00f6n\u00fcnde \u00e7al\u0131\u015fmak, taahh\u00fctlerimizi i\u00e7ermek amac\u0131yla Kalite Politikam\u0131z olu\u015fturulmu\u015ftur.<\/p>\n\n\n\n<p><strong>GENEL M\u00dcD\u00dcR<\/strong><\/p>\n","protected":false},"excerpt":{"rendered":"<div class=\"slide-text-bg2\"><span>Teknik altyap\u0131s\u0131, deneyimli kadrosu ile \u00e7al\u0131\u015fmalar\u0131n\u0131 ba\u015f\u0131ndan sonuna kadar \u201cKalite ve G\u00fcvenilirlik\u201d ile m\u00fc\u015fteri odakl\u0131 olarak koordine ed<\/span><\/div>\n<div class=\"slide-btn-area-sm\"><a href=\"http:\/\/www.desandugme.net\/?page_id=63\" class=\"slide-btn-sm\">Devam\u0131n\u0131 oku<\/a><\/div>\n","protected":false},"author":1,"featured_media":0,"parent":0,"menu_order":0,"comment_status":"closed","ping_status":"closed","template":"","meta":{"footnotes":""},"class_list":["post-63","page","type-page","status-publish","hentry"],"_links":{"self":[{"href":"http:\/\/www.desandugme.net\/index.php?rest_route=\/wp\/v2\/pages\/63","targetHints":{"allow":["GET"]}}],"collection":[{"href":"http:\/\/www.desandugme.net\/index.php?rest_route=\/wp\/v2\/pages"}],"about":[{"href":"http:\/\/www.desandugme.net\/index.php?rest_route=\/wp\/v2\/types\/page"}],"author":[{"embeddable":true,"href":"http:\/\/www.desandugme.net\/index.php?rest_route=\/wp\/v2\/users\/1"}],"replies":[{"embeddable":true,"href":"http:\/\/www.desandugme.net\/index.php?rest_route=%2Fwp%2Fv2%2Fcomments&post=63"}],"version-history":[{"count":3,"href":"http:\/\/www.desandugme.net\/index.php?rest_route=\/wp\/v2\/pages\/63\/revisions"}],"predecessor-version":[{"id":152,"href":"http:\/\/www.desandugme.net\/index.php?rest_route=\/wp\/v2\/pages\/63\/revisions\/152"}],"wp:attachment":[{"href":"http:\/\/www.desandugme.net\/index.php?rest_route=%2Fwp%2Fv2%2Fmedia&parent=63"}],"curies":[{"name":"wp","href":"https:\/\/api.w.org\/{rel}","templated":true}]}}