{"id":29,"date":"2022-04-21T07:27:35","date_gmt":"2022-04-21T07:27:35","guid":{"rendered":"http:\/\/www.desandugme.net\/?page_id=29"},"modified":"2024-04-20T06:01:21","modified_gmt":"2024-04-20T06:01:21","slug":"iletisim","status":"publish","type":"page","link":"http:\/\/www.desandugme.net\/?page_id=29","title":{"rendered":"\u0130leti\u015fim"},"content":{"rendered":"\n<p><strong>Maltepe Mah.G\u00fcm\u00fc\u015fsuyu Cad.Site Yolu sk No:35\/2 Topkap\u0131-Maltepe \/ \u0130STANBUL<\/strong><\/p>\n\n\n\n<p><strong>Merkez Fabrika : 0212 612 52 00<\/strong><\/p>\n\n\n\n<p><strong>Merter Ma\u011faza : 0212-505-05-45<\/strong><\/p>\n\n\n\n<p><strong>Bursa Ma\u011faza :02243631323<\/strong><\/p>\n\n\n\n<p><strong>info@desandugme.net<\/strong>  <\/p>\n\n\n\n<p><strong>desandugme@hotmail.com<\/strong><\/p>\n\n\n\n<p><\/p>\n\n\n\n<p><iframe src=\"https:\/\/www.google.com\/maps\/embed?pb=!1m26!1m12!1m3!1d48136.15478874325!2d28.878994460454006!3d41.05785054957226!2m3!1f0!2f0!3f0!3m2!1i1024!2i768!4f13.1!4m11!3e0!4m3!3m2!1d41.0771446!2d28.9515086!4m5!1s0x14cabaf66491b8f9%3A0x9610e9afc5789c88!2zZGVzYW4gZMO8xJ9tZQ!3m2!1d41.0280336!2d28.903789!5e0!3m2!1str!2str!4v1650527069771!5m2!1str!2str\" width=\"600\" height=\"450\" style=\"border:0;\" allowfullscreen=\"\" loading=\"lazy\" referrerpolicy=\"no-referrer-when-downgrade\"><\/iframe><\/p>\n\n\n\n<figure class=\"wp-block-gallery has-nested-images columns-default is-cropped wp-block-gallery-1 is-layout-flex wp-block-gallery-is-layout-flex\">\n<figure class=\"wp-block-image size-large\"><img loading=\"lazy\" decoding=\"async\" width=\"250\" height=\"250\" data-id=\"153\" src=\"http:\/\/www.desandugme.net\/wp-content\/uploads\/2022\/04\/mag1.jpg\" alt=\"\" class=\"wp-image-153\" srcset=\"http:\/\/www.desandugme.net\/wp-content\/uploads\/2022\/04\/mag1.jpg 250w, http:\/\/www.desandugme.net\/wp-content\/uploads\/2022\/04\/mag1-150x150.jpg 150w\" sizes=\"auto, (max-width: 250px) 100vw, 250px\" \/><\/figure>\n\n\n\n<figure class=\"wp-block-image size-large\"><img loading=\"lazy\" decoding=\"async\" width=\"250\" height=\"250\" data-id=\"154\" src=\"http:\/\/www.desandugme.net\/wp-content\/uploads\/2022\/04\/mag2.jpg\" alt=\"\" class=\"wp-image-154\" srcset=\"http:\/\/www.desandugme.net\/wp-content\/uploads\/2022\/04\/mag2.jpg 250w, http:\/\/www.desandugme.net\/wp-content\/uploads\/2022\/04\/mag2-150x150.jpg 150w\" sizes=\"auto, (max-width: 250px) 100vw, 250px\" \/><\/figure>\n<\/figure>\n\n\n\n<p><\/p>\n","protected":false},"excerpt":{"rendered":"<div class=\"slide-text-bg2\"><span>Maltepe Mah.G\u00fcm\u00fc\u015fsuyu Cad.Site Yolu sk No:35\/2 Topkap\u0131-Maltepe \/ \u0130STANBUL Merkez Fabrika : 0212 612 52 00 Merter Ma\u011faza : 0212-505-05-45 Bursa Ma\u011faz<\/span><\/div>\n<div class=\"slide-btn-area-sm\"><a href=\"http:\/\/www.desandugme.net\/?page_id=29\" class=\"slide-btn-sm\">Devam\u0131n\u0131 oku<\/a><\/div>\n","protected":false},"author":1,"featured_media":0,"parent":0,"menu_order":0,"comment_status":"closed","ping_status":"closed","template":"","meta":{"footnotes":""},"class_list":["post-29","page","type-page","status-publish","hentry"],"_links":{"self":[{"href":"http:\/\/www.desandugme.net\/index.php?rest_route=\/wp\/v2\/pages\/29","targetHints":{"allow":["GET"]}}],"collection":[{"href":"http:\/\/www.desandugme.net\/index.php?rest_route=\/wp\/v2\/pages"}],"about":[{"href":"http:\/\/www.desandugme.net\/index.php?rest_route=\/wp\/v2\/types\/page"}],"author":[{"embeddable":true,"href":"http:\/\/www.desandugme.net\/index.php?rest_route=\/wp\/v2\/users\/1"}],"replies":[{"embeddable":true,"href":"http:\/\/www.desandugme.net\/index.php?rest_route=%2Fwp%2Fv2%2Fcomments&post=29"}],"version-history":[{"count":11,"href":"http:\/\/www.desandugme.net\/index.php?rest_route=\/wp\/v2\/pages\/29\/revisions"}],"predecessor-version":[{"id":165,"href":"http:\/\/www.desandugme.net\/index.php?rest_route=\/wp\/v2\/pages\/29\/revisions\/165"}],"wp:attachment":[{"href":"http:\/\/www.desandugme.net\/index.php?rest_route=%2Fwp%2Fv2%2Fmedia&parent=29"}],"curies":[{"name":"wp","href":"https:\/\/api.w.org\/{rel}","templated":true}]}}