{"id":27,"date":"2022-04-21T07:27:20","date_gmt":"2022-04-21T07:27:20","guid":{"rendered":"http:\/\/www.desandugme.net\/?page_id=27"},"modified":"2022-04-21T07:40:21","modified_gmt":"2022-04-21T07:40:21","slug":"referanslar","status":"publish","type":"page","link":"http:\/\/www.desandugme.net\/?page_id=27","title":{"rendered":"Referanslar"},"content":{"rendered":"\n<p>Kalite kontrol belgeleri \u00e7al\u0131\u015fma, kalite ve g\u00fcvenlik do\u011frulayan, hammadde temini i\u00e7in numune alma a\u015famas\u0131nda olu\u015fur.Referanslar\u0131m\u0131z gelec\u011fin \u00fcr\u00fcnlerin pazar ekonomisine katk\u0131d\u0131r&#8230;<\/p>\n\n\n\n<figure class=\"wp-block-gallery has-nested-images columns-default is-cropped wp-block-gallery-1 is-layout-flex wp-block-gallery-is-layout-flex\">\n<figure class=\"wp-block-image size-large\"><img loading=\"lazy\" decoding=\"async\" width=\"259\" height=\"194\" data-id=\"55\" src=\"http:\/\/www.desandugme.net\/wp-content\/uploads\/2022\/04\/img21.jpg\" alt=\"\" class=\"wp-image-55\"\/><\/figure>\n<\/figure>\n\n\n\n<ul class=\"wp-block-list\"><li><strong>BEL\u0130N TR\u0130KO<\/strong><\/li><li>EKS\u0130-1<\/li><li>TURTA\u015e TR\u0130KO<\/li><li>EZG\u0130M \u00d6RME<\/li><li><strong>\u00d6ZDEM\u0130R TR\u0130KO<\/strong><\/li><li><strong>RAF\u0130MX TR\u0130KO<\/strong><\/li><\/ul>\n","protected":false},"excerpt":{"rendered":"<div class=\"slide-text-bg2\"><span>Kalite kontrol belgeleri \u00e7al\u0131\u015fma, kalite ve g\u00fcvenlik do\u011frulayan, hammadde temini i\u00e7in numune alma a\u015famas\u0131nda olu\u015fur.Referanslar\u0131m\u0131z gelec\u011fin \u00fc<\/span><\/div>\n<div class=\"slide-btn-area-sm\"><a href=\"http:\/\/www.desandugme.net\/?page_id=27\" class=\"slide-btn-sm\">Devam\u0131n\u0131 oku<\/a><\/div>\n","protected":false},"author":1,"featured_media":0,"parent":0,"menu_order":0,"comment_status":"closed","ping_status":"closed","template":"","meta":{"footnotes":""},"class_list":["post-27","page","type-page","status-publish","hentry"],"_links":{"self":[{"href":"http:\/\/www.desandugme.net\/index.php?rest_route=\/wp\/v2\/pages\/27","targetHints":{"allow":["GET"]}}],"collection":[{"href":"http:\/\/www.desandugme.net\/index.php?rest_route=\/wp\/v2\/pages"}],"about":[{"href":"http:\/\/www.desandugme.net\/index.php?rest_route=\/wp\/v2\/types\/page"}],"author":[{"embeddable":true,"href":"http:\/\/www.desandugme.net\/index.php?rest_route=\/wp\/v2\/users\/1"}],"replies":[{"embeddable":true,"href":"http:\/\/www.desandugme.net\/index.php?rest_route=%2Fwp%2Fv2%2Fcomments&post=27"}],"version-history":[{"count":2,"href":"http:\/\/www.desandugme.net\/index.php?rest_route=\/wp\/v2\/pages\/27\/revisions"}],"predecessor-version":[{"id":56,"href":"http:\/\/www.desandugme.net\/index.php?rest_route=\/wp\/v2\/pages\/27\/revisions\/56"}],"wp:attachment":[{"href":"http:\/\/www.desandugme.net\/index.php?rest_route=%2Fwp%2Fv2%2Fmedia&parent=27"}],"curies":[{"name":"wp","href":"https:\/\/api.w.org\/{rel}","templated":true}]}}